{"id":1470,"date":"2022-03-24T23:59:01","date_gmt":"2022-03-24T23:59:01","guid":{"rendered":"https:\/\/alberto-roque.com\/discografia-saxofonista\/"},"modified":"2022-07-04T21:50:13","modified_gmt":"2022-07-04T21:50:13","slug":"discography-saxophonist","status":"publish","type":"page","link":"https:\/\/alberto-roque.com\/en\/discography-saxophonist\/","title":{"rendered":"Discography &#8211; Saxophonist"},"content":{"rendered":"<section class=\"wpb-content-wrapper\"><p>[vc_row iron_row_type=&#8221;in_container&#8221; iron_remove_padding_medium=&#8221;&#8221; iron_remove_padding_small=&#8221;&#8221; iron_overlay_pattern=&#8221;&#8221; iron_parallax=&#8221;&#8221; iron_bg_video=&#8221;&#8221;][vc_column]<div class=\"widget  iron_widget_discography \">\t\t\t\t<div id=\"albums-list\" class=\"two_column_album\">\r\n\r\n<div id=\"post-1551\" class=\"media-block post-1551 album type-album status-publish has-post-thumbnail hentry album-category-album-en album-category-saxofonista-en\">\r\n\t\t<a href=\"https:\/\/alberto-roque.com\/en\/discography\/amigos\/\">\r\n\t\t\t<div class=\"holder\">\r\n\t\t\t<div class=\"album-hover-wrap\">\r\n\t\t\t<div class=\"image\">\r\n\t\t\t\t<img loading=\"lazy\" decoding=\"async\" width=\"500\" height=\"500\" src=\"https:\/\/alberto-roque.com\/wp-content\/uploads\/2022\/03\/500_500_image_23839_1_1596015687_amigos.jpg\" class=\"attachment-medium size-medium wp-post-image\" alt=\"\" srcset=\"https:\/\/alberto-roque.com\/wp-content\/uploads\/2022\/03\/500_500_image_23839_1_1596015687_amigos.jpg 500w, https:\/\/alberto-roque.com\/wp-content\/uploads\/2022\/03\/500_500_image_23839_1_1596015687_amigos-150x150.jpg 150w\" sizes=\"auto, (max-width: 500px) 100vw, 500px\" \/>\t\t\t\t<div class=\"album-hover\">\r\n\t\t\t\t\t<div class=\"album-listen\">\r\n\t\t\t\t\t\t<i class=\"fa fa-headphones\"><\/i>\r\n\t\t\t\t\t<\/div>\r\n\t\t\t\t\t<div class=\"album-overlay\"><\/div>\r\n\t\t\t\t<\/div>\r\n\t\t\t<\/div>\r\n\t\t\t<div class=\"text-box\">\r\n\t\t\t\t<h2>Amigos<\/h2>\r\n\t\t\t<\/div>\r\n\t\t\t<\/div>\r\n\t\t<\/div>\r\n\t<\/a>\r\n<\/div>\r\n<div id=\"post-1554\" class=\"media-block post-1554 album type-album status-publish has-post-thumbnail hentry album-category-album-en album-category-saxofonista-en\">\r\n\t\t<a href=\"https:\/\/alberto-roque.com\/en\/discography\/concertos-para-bebes\/\">\r\n\t\t\t<div class=\"holder\">\r\n\t\t\t<div class=\"album-hover-wrap\">\r\n\t\t\t<div class=\"image\">\r\n\t\t\t\t<img loading=\"lazy\" decoding=\"async\" width=\"500\" height=\"500\" src=\"https:\/\/alberto-roque.com\/wp-content\/uploads\/2022\/03\/500_500_83856921_1432921973555553_2062049820700311552_n.png\" class=\"attachment-medium size-medium wp-post-image\" alt=\"\" srcset=\"https:\/\/alberto-roque.com\/wp-content\/uploads\/2022\/03\/500_500_83856921_1432921973555553_2062049820700311552_n.png 500w, https:\/\/alberto-roque.com\/wp-content\/uploads\/2022\/03\/500_500_83856921_1432921973555553_2062049820700311552_n-150x150.png 150w\" sizes=\"auto, (max-width: 500px) 100vw, 500px\" \/>\t\t\t\t<div class=\"album-hover\">\r\n\t\t\t\t\t<div class=\"album-listen\">\r\n\t\t\t\t\t\t<i class=\"fa fa-headphones\"><\/i>\r\n\t\t\t\t\t<\/div>\r\n\t\t\t\t\t<div class=\"album-overlay\"><\/div>\r\n\t\t\t\t<\/div>\r\n\t\t\t<\/div>\r\n\t\t\t<div class=\"text-box\">\r\n\t\t\t\t<h2>Concertos para Beb\u00e9s<\/h2>\r\n\t\t\t<\/div>\r\n\t\t\t<\/div>\r\n\t\t<\/div>\r\n\t<\/a>\r\n<\/div>\r\n<div id=\"post-1555\" class=\"media-block post-1555 album type-album status-publish has-post-thumbnail hentry album-category-album-en album-category-saxofonista-en\">\r\n\t\t<a href=\"https:\/\/alberto-roque.com\/en\/discography\/um-coracao-bonito\/\">\r\n\t\t\t<div class=\"holder\">\r\n\t\t\t<div class=\"album-hover-wrap\">\r\n\t\t\t<div class=\"image\">\r\n\t\t\t\t<img loading=\"lazy\" decoding=\"async\" width=\"500\" height=\"500\" src=\"https:\/\/alberto-roque.com\/wp-content\/uploads\/2022\/03\/500_500_um_corao_bonito_alberto_roque.jpg\" class=\"attachment-medium size-medium wp-post-image\" alt=\"\" srcset=\"https:\/\/alberto-roque.com\/wp-content\/uploads\/2022\/03\/500_500_um_corao_bonito_alberto_roque.jpg 500w, https:\/\/alberto-roque.com\/wp-content\/uploads\/2022\/03\/500_500_um_corao_bonito_alberto_roque-150x150.jpg 150w\" sizes=\"auto, (max-width: 500px) 100vw, 500px\" \/>\t\t\t\t<div class=\"album-hover\">\r\n\t\t\t\t\t<div class=\"album-listen\">\r\n\t\t\t\t\t\t<i class=\"fa fa-headphones\"><\/i>\r\n\t\t\t\t\t<\/div>\r\n\t\t\t\t\t<div class=\"album-overlay\"><\/div>\r\n\t\t\t\t<\/div>\r\n\t\t\t<\/div>\r\n\t\t\t<div class=\"text-box\">\r\n\t\t\t\t<h2>Um Cora\u00e7\u00e3o Bonito<\/h2>\r\n\t\t\t<\/div>\r\n\t\t\t<\/div>\r\n\t\t<\/div>\r\n\t<\/a>\r\n<\/div>\r\n<div id=\"post-1556\" class=\"media-block post-1556 album type-album status-publish has-post-thumbnail hentry album-category-album-en album-category-saxofonista-en\">\r\n\t\t<a href=\"https:\/\/alberto-roque.com\/en\/discography\/portfolio\/\">\r\n\t\t\t<div class=\"holder\">\r\n\t\t\t<div class=\"album-hover-wrap\">\r\n\t\t\t<div class=\"image\">\r\n\t\t\t\t<img loading=\"lazy\" decoding=\"async\" width=\"500\" height=\"500\" src=\"https:\/\/alberto-roque.com\/wp-content\/uploads\/2022\/03\/500_500_ab67616d0000b273458dc90b6bc84112644458e6.jpg\" class=\"attachment-medium size-medium wp-post-image\" alt=\"\" srcset=\"https:\/\/alberto-roque.com\/wp-content\/uploads\/2022\/03\/500_500_ab67616d0000b273458dc90b6bc84112644458e6.jpg 500w, https:\/\/alberto-roque.com\/wp-content\/uploads\/2022\/03\/500_500_ab67616d0000b273458dc90b6bc84112644458e6-150x150.jpg 150w\" sizes=\"auto, (max-width: 500px) 100vw, 500px\" \/>\t\t\t\t<div class=\"album-hover\">\r\n\t\t\t\t\t<div class=\"album-listen\">\r\n\t\t\t\t\t\t<i class=\"fa fa-headphones\"><\/i>\r\n\t\t\t\t\t<\/div>\r\n\t\t\t\t\t<div class=\"album-overlay\"><\/div>\r\n\t\t\t\t<\/div>\r\n\t\t\t<\/div>\r\n\t\t\t<div class=\"text-box\">\r\n\t\t\t\t<h2>Portf\u00f3lio<\/h2>\r\n\t\t\t<\/div>\r\n\t\t\t<\/div>\r\n\t\t<\/div>\r\n\t<\/a>\r\n<\/div>\r\n<div id=\"post-1557\" class=\"media-block post-1557 album type-album status-publish has-post-thumbnail hentry album-category-album-en album-category-saxofonista-en\">\r\n\t\t<a href=\"https:\/\/alberto-roque.com\/en\/discography\/saxofinia-toca-gershwin-ao-vivo-em-alcobaca\/\">\r\n\t\t\t<div class=\"holder\">\r\n\t\t\t<div class=\"album-hover-wrap\">\r\n\t\t\t<div class=\"image\">\r\n\t\t\t\t<img loading=\"lazy\" decoding=\"async\" width=\"500\" height=\"500\" src=\"https:\/\/alberto-roque.com\/wp-content\/uploads\/2022\/03\/500_500_816HhJVzMdL._SS500_.jpg\" class=\"attachment-medium size-medium wp-post-image\" alt=\"\" srcset=\"https:\/\/alberto-roque.com\/wp-content\/uploads\/2022\/03\/500_500_816HhJVzMdL._SS500_.jpg 500w, https:\/\/alberto-roque.com\/wp-content\/uploads\/2022\/03\/500_500_816HhJVzMdL._SS500_-150x150.jpg 150w\" sizes=\"auto, (max-width: 500px) 100vw, 500px\" \/>\t\t\t\t<div class=\"album-hover\">\r\n\t\t\t\t\t<div class=\"album-listen\">\r\n\t\t\t\t\t\t<i class=\"fa fa-headphones\"><\/i>\r\n\t\t\t\t\t<\/div>\r\n\t\t\t\t\t<div class=\"album-overlay\"><\/div>\r\n\t\t\t\t<\/div>\r\n\t\t\t<\/div>\r\n\t\t\t<div class=\"text-box\">\r\n\t\t\t\t<h2>Saxof\u00ednia toca Gershwin ao vivo em Alcoba\u00e7a<\/h2>\r\n\t\t\t<\/div>\r\n\t\t\t<\/div>\r\n\t\t<\/div>\r\n\t<\/a>\r\n<\/div>\r\n<div id=\"post-1558\" class=\"media-block post-1558 album type-album status-publish has-post-thumbnail hentry album-category-album-en album-category-saxofonista-en\">\r\n\t\t<a href=\"https:\/\/alberto-roque.com\/en\/discography\/astortango\/\">\r\n\t\t\t<div class=\"holder\">\r\n\t\t\t<div class=\"album-hover-wrap\">\r\n\t\t\t<div class=\"image\">\r\n\t\t\t\t<img loading=\"lazy\" decoding=\"async\" width=\"500\" height=\"500\" src=\"https:\/\/alberto-roque.com\/wp-content\/uploads\/2022\/03\/91TzVv7IWTL._SS500_.jpg\" class=\"attachment-medium size-medium wp-post-image\" alt=\"\" srcset=\"https:\/\/alberto-roque.com\/wp-content\/uploads\/2022\/03\/91TzVv7IWTL._SS500_.jpg 500w, https:\/\/alberto-roque.com\/wp-content\/uploads\/2022\/03\/91TzVv7IWTL._SS500_-150x150.jpg 150w\" sizes=\"auto, (max-width: 500px) 100vw, 500px\" \/>\t\t\t\t<div class=\"album-hover\">\r\n\t\t\t\t\t<div class=\"album-listen\">\r\n\t\t\t\t\t\t<i class=\"fa fa-headphones\"><\/i>\r\n\t\t\t\t\t<\/div>\r\n\t\t\t\t\t<div class=\"album-overlay\"><\/div>\r\n\t\t\t\t<\/div>\r\n\t\t\t<\/div>\r\n\t\t\t<div class=\"text-box\">\r\n\t\t\t\t<h2>Astortango<\/h2>\r\n\t\t\t<\/div>\r\n\t\t\t<\/div>\r\n\t\t<\/div>\r\n\t<\/a>\r\n<\/div>\r\n<div id=\"post-1559\" class=\"media-block post-1559 album type-album status-publish has-post-thumbnail hentry album-category-album-en album-category-saxofonista-en\">\r\n\t\t<a href=\"https:\/\/alberto-roque.com\/en\/discography\/silence-becomes-it\/\">\r\n\t\t\t<div class=\"holder\">\r\n\t\t\t<div class=\"album-hover-wrap\">\r\n\t\t\t<div class=\"image\">\r\n\t\t\t\t<img loading=\"lazy\" decoding=\"async\" width=\"500\" height=\"500\" src=\"https:\/\/alberto-roque.com\/wp-content\/uploads\/2022\/03\/500_500_Silence-Becomes-It.jpg\" class=\"attachment-medium size-medium wp-post-image\" alt=\"\" srcset=\"https:\/\/alberto-roque.com\/wp-content\/uploads\/2022\/03\/500_500_Silence-Becomes-It.jpg 500w, https:\/\/alberto-roque.com\/wp-content\/uploads\/2022\/03\/500_500_Silence-Becomes-It-150x150.jpg 150w\" sizes=\"auto, (max-width: 500px) 100vw, 500px\" \/>\t\t\t\t<div class=\"album-hover\">\r\n\t\t\t\t\t<div class=\"album-listen\">\r\n\t\t\t\t\t\t<i class=\"fa fa-headphones\"><\/i>\r\n\t\t\t\t\t<\/div>\r\n\t\t\t\t\t<div class=\"album-overlay\"><\/div>\r\n\t\t\t\t<\/div>\r\n\t\t\t<\/div>\r\n\t\t\t<div class=\"text-box\">\r\n\t\t\t\t<h2>Silence Becomes It<\/h2>\r\n\t\t\t<\/div>\r\n\t\t\t<\/div>\r\n\t\t<\/div>\r\n\t<\/a>\r\n<\/div>\r\n<div id=\"post-1560\" class=\"media-block post-1560 album type-album status-publish has-post-thumbnail hentry album-category-album-en album-category-saxofonista-en\">\r\n\t\t<a href=\"https:\/\/alberto-roque.com\/en\/discography\/as-cancoes-do-seculo\/\">\r\n\t\t\t<div class=\"holder\">\r\n\t\t\t<div class=\"album-hover-wrap\">\r\n\t\t\t<div class=\"image\">\r\n\t\t\t\t<img loading=\"lazy\" decoding=\"async\" width=\"500\" height=\"500\" src=\"https:\/\/alberto-roque.com\/wp-content\/uploads\/2022\/03\/500_500_ab67616d0000b2733e81fbc6c219de57e5ea5b30.jpg\" class=\"attachment-medium size-medium wp-post-image\" alt=\"\" srcset=\"https:\/\/alberto-roque.com\/wp-content\/uploads\/2022\/03\/500_500_ab67616d0000b2733e81fbc6c219de57e5ea5b30.jpg 500w, https:\/\/alberto-roque.com\/wp-content\/uploads\/2022\/03\/500_500_ab67616d0000b2733e81fbc6c219de57e5ea5b30-150x150.jpg 150w\" sizes=\"auto, (max-width: 500px) 100vw, 500px\" \/>\t\t\t\t<div class=\"album-hover\">\r\n\t\t\t\t\t<div class=\"album-listen\">\r\n\t\t\t\t\t\t<i class=\"fa fa-headphones\"><\/i>\r\n\t\t\t\t\t<\/div>\r\n\t\t\t\t\t<div class=\"album-overlay\"><\/div>\r\n\t\t\t\t<\/div>\r\n\t\t\t<\/div>\r\n\t\t\t<div class=\"text-box\">\r\n\t\t\t\t<h2>As can\u00e7\u00f5es do S\u00e9culo<\/h2>\r\n\t\t\t<\/div>\r\n\t\t\t<\/div>\r\n\t\t<\/div>\r\n\t<\/a>\r\n<\/div>\r\n<div id=\"post-1561\" class=\"media-block post-1561 album type-album status-publish has-post-thumbnail hentry album-category-album-en album-category-saxofonista-en\">\r\n\t\t<a href=\"https:\/\/alberto-roque.com\/en\/discography\/concerto-para-flauta-e-orquestra-em-sol-m-concerto-no-2-em-mi-bemol-maior-para-clarinete-e-orquestra-suite-para-sax-scaramouche\/\">\r\n\t\t\t<div class=\"holder\">\r\n\t\t\t<div class=\"album-hover-wrap\">\r\n\t\t\t<div class=\"image\">\r\n\t\t\t\t<img loading=\"lazy\" decoding=\"async\" width=\"500\" height=\"500\" src=\"https:\/\/alberto-roque.com\/wp-content\/uploads\/2022\/03\/concerto_album.jpg\" class=\"attachment-medium size-medium wp-post-image\" alt=\"\" srcset=\"https:\/\/alberto-roque.com\/wp-content\/uploads\/2022\/03\/concerto_album.jpg 500w, https:\/\/alberto-roque.com\/wp-content\/uploads\/2022\/03\/concerto_album-150x150.jpg 150w\" sizes=\"auto, (max-width: 500px) 100vw, 500px\" \/>\t\t\t\t<div class=\"album-hover\">\r\n\t\t\t\t\t<div class=\"album-listen\">\r\n\t\t\t\t\t\t<i class=\"fa fa-headphones\"><\/i>\r\n\t\t\t\t\t<\/div>\r\n\t\t\t\t\t<div class=\"album-overlay\"><\/div>\r\n\t\t\t\t<\/div>\r\n\t\t\t<\/div>\r\n\t\t\t<div class=\"text-box\">\r\n\t\t\t\t<h2>Concerto para flauta e orquestra em Sol M. Concerto n\u00ba 2 em Mi bemol maior para clarinete e orquestra. Suite para sax &#8220;Scaramouche&#8221;<\/h2>\r\n\t\t\t<\/div>\r\n\t\t\t<\/div>\r\n\t\t<\/div>\r\n\t<\/a>\r\n<\/div>\r\n<div id=\"post-1562\" class=\"media-block post-1562 album type-album status-publish has-post-thumbnail hentry album-category-album-en album-category-saxofonista-en\">\r\n\t\t<a href=\"https:\/\/alberto-roque.com\/en\/discography\/passam-por-mim-no-rossio\/\">\r\n\t\t\t<div class=\"holder\">\r\n\t\t\t<div class=\"album-hover-wrap\">\r\n\t\t\t<div class=\"image\">\r\n\t\t\t\t<img loading=\"lazy\" decoding=\"async\" width=\"500\" height=\"500\" src=\"https:\/\/alberto-roque.com\/wp-content\/uploads\/2022\/03\/500_500_passa_por_mim.jpg\" class=\"attachment-medium size-medium wp-post-image\" alt=\"\" srcset=\"https:\/\/alberto-roque.com\/wp-content\/uploads\/2022\/03\/500_500_passa_por_mim.jpg 500w, https:\/\/alberto-roque.com\/wp-content\/uploads\/2022\/03\/500_500_passa_por_mim-150x150.jpg 150w\" sizes=\"auto, (max-width: 500px) 100vw, 500px\" \/>\t\t\t\t<div class=\"album-hover\">\r\n\t\t\t\t\t<div class=\"album-listen\">\r\n\t\t\t\t\t\t<i class=\"fa fa-headphones\"><\/i>\r\n\t\t\t\t\t<\/div>\r\n\t\t\t\t\t<div class=\"album-overlay\"><\/div>\r\n\t\t\t\t<\/div>\r\n\t\t\t<\/div>\r\n\t\t\t<div class=\"text-box\">\r\n\t\t\t\t<h2>Passam por Mim no Rossio<\/h2>\r\n\t\t\t<\/div>\r\n\t\t\t<\/div>\r\n\t\t<\/div>\r\n\t<\/a>\r\n<\/div>\r\n<div id=\"post-1563\" class=\"media-block post-1563 album type-album status-publish has-post-thumbnail hentry album-category-album-en album-category-saxofonista-en\">\r\n\t\t<a href=\"https:\/\/alberto-roque.com\/en\/discography\/graffiti\/\">\r\n\t\t\t<div class=\"holder\">\r\n\t\t\t<div class=\"album-hover-wrap\">\r\n\t\t\t<div class=\"image\">\r\n\t\t\t\t<img loading=\"lazy\" decoding=\"async\" width=\"500\" height=\"500\" src=\"https:\/\/alberto-roque.com\/wp-content\/uploads\/2022\/03\/graffiti.jpg\" class=\"attachment-medium size-medium wp-post-image\" alt=\"\" srcset=\"https:\/\/alberto-roque.com\/wp-content\/uploads\/2022\/03\/graffiti.jpg 500w, https:\/\/alberto-roque.com\/wp-content\/uploads\/2022\/03\/graffiti-150x150.jpg 150w\" sizes=\"auto, (max-width: 500px) 100vw, 500px\" \/>\t\t\t\t<div class=\"album-hover\">\r\n\t\t\t\t\t<div class=\"album-listen\">\r\n\t\t\t\t\t\t<i class=\"fa fa-headphones\"><\/i>\r\n\t\t\t\t\t<\/div>\r\n\t\t\t\t\t<div class=\"album-overlay\"><\/div>\r\n\t\t\t\t<\/div>\r\n\t\t\t<\/div>\r\n\t\t\t<div class=\"text-box\">\r\n\t\t\t\t<h2>Graffiti<\/h2>\r\n\t\t\t<\/div>\r\n\t\t\t<\/div>\r\n\t\t<\/div>\r\n\t<\/a>\r\n<\/div>\r\n<div id=\"post-1564\" class=\"media-block post-1564 album type-album status-publish has-post-thumbnail hentry album-category-album-en album-category-saxofonista-en\">\r\n\t\t<a href=\"https:\/\/alberto-roque.com\/en\/discography\/le-vent-francaixs\/\">\r\n\t\t\t<div class=\"holder\">\r\n\t\t\t<div class=\"album-hover-wrap\">\r\n\t\t\t<div class=\"image\">\r\n\t\t\t\t<img loading=\"lazy\" decoding=\"async\" width=\"500\" height=\"500\" src=\"https:\/\/alberto-roque.com\/wp-content\/uploads\/2022\/03\/71i8uf8Lo2L_SS500.jpg\" class=\"attachment-medium size-medium wp-post-image\" alt=\"\" srcset=\"https:\/\/alberto-roque.com\/wp-content\/uploads\/2022\/03\/71i8uf8Lo2L_SS500.jpg 500w, https:\/\/alberto-roque.com\/wp-content\/uploads\/2022\/03\/71i8uf8Lo2L_SS500-150x150.jpg 150w\" sizes=\"auto, (max-width: 500px) 100vw, 500px\" \/>\t\t\t\t<div class=\"album-hover\">\r\n\t\t\t\t\t<div class=\"album-listen\">\r\n\t\t\t\t\t\t<i class=\"fa fa-headphones\"><\/i>\r\n\t\t\t\t\t<\/div>\r\n\t\t\t\t\t<div class=\"album-overlay\"><\/div>\r\n\t\t\t\t<\/div>\r\n\t\t\t<\/div>\r\n\t\t\t<div class=\"text-box\">\r\n\t\t\t\t<h2>Le Vent Fran\u00e7ai(X)S<\/h2>\r\n\t\t\t<\/div>\r\n\t\t\t<\/div>\r\n\t\t<\/div>\r\n\t<\/a>\r\n<\/div>\r\n\t\t\t\t\t\t\t\t<\/div>\r\n\r\n<\/div>[\/vc_column][\/vc_row]<\/p>\n<\/section>","protected":false},"excerpt":{"rendered":"<p>[vc_row iron_row_type=&#8221;in_container&#8221; iron_remove_padding_medium=&#8221;&#8221; iron_remove_padding_small=&#8221;&#8221; iron_overlay_pattern=&#8221;&#8221; iron_parallax=&#8221;&#8221; iron_bg_video=&#8221;&#8221;][vc_column][\/vc_column][\/vc_row]<\/p>\n","protected":false},"author":1,"featured_media":0,"parent":0,"menu_order":0,"comment_status":"closed","ping_status":"closed","template":"","meta":{"inline_featured_image":false,"footnotes":""},"class_list":["post-1470","page","type-page","status-publish","hentry","album-category-album-en","album-category-saxofonista-en"],"yoast_head":"<!-- This site is optimized with the Yoast SEO plugin v24.6 - https:\/\/yoast.com\/wordpress\/plugins\/seo\/ -->\n<title>Discography - Saxophonist - Alberto Roque<\/title>\n<meta name=\"robots\" content=\"index, follow, max-snippet:-1, max-image-preview:large, max-video-preview:-1\" \/>\n<link rel=\"canonical\" href=\"https:\/\/alberto-roque.com\/en\/discography-saxophonist\/\" \/>\n<meta property=\"og:locale\" content=\"en_US\" \/>\n<meta property=\"og:type\" content=\"article\" \/>\n<meta property=\"og:title\" content=\"Discography - Saxophonist - Alberto Roque\" \/>\n<meta property=\"og:description\" content=\"[vc_row iron_row_type=&#8221;in_container&#8221; iron_remove_padding_medium=&#8221;&#8221; iron_remove_padding_small=&#8221;&#8221; iron_overlay_pattern=&#8221;&#8221; iron_parallax=&#8221;&#8221; iron_bg_video=&#8221;&#8221;][vc_column][\/vc_column][\/vc_row]\" \/>\n<meta property=\"og:url\" content=\"https:\/\/alberto-roque.com\/en\/discography-saxophonist\/\" \/>\n<meta property=\"og:site_name\" content=\"Alberto Roque\" \/>\n<meta property=\"article:publisher\" content=\"https:\/\/www.facebook.com\/alberto.roque.378\" \/>\n<meta property=\"article:modified_time\" content=\"2022-07-04T21:50:13+00:00\" \/>\n<meta property=\"og:image\" content=\"https:\/\/alberto-roque.com\/wp-content\/uploads\/2022\/03\/alberto-roque-website.jpg\" \/>\n\t<meta property=\"og:image:width\" content=\"1825\" \/>\n\t<meta property=\"og:image:height\" content=\"1217\" \/>\n\t<meta property=\"og:image:type\" content=\"image\/jpeg\" \/>\n<meta name=\"twitter:card\" content=\"summary_large_image\" \/>\n<script type=\"application\/ld+json\" class=\"yoast-schema-graph\">{\"@context\":\"https:\/\/schema.org\",\"@graph\":[{\"@type\":\"WebPage\",\"@id\":\"https:\/\/alberto-roque.com\/en\/discography-saxophonist\/\",\"url\":\"https:\/\/alberto-roque.com\/en\/discography-saxophonist\/\",\"name\":\"Discography - Saxophonist - Alberto Roque\",\"isPartOf\":{\"@id\":\"https:\/\/alberto-roque.com\/#website\"},\"datePublished\":\"2022-03-24T23:59:01+00:00\",\"dateModified\":\"2022-07-04T21:50:13+00:00\",\"breadcrumb\":{\"@id\":\"https:\/\/alberto-roque.com\/en\/discography-saxophonist\/#breadcrumb\"},\"inLanguage\":\"en-US\",\"potentialAction\":[{\"@type\":\"ReadAction\",\"target\":[\"https:\/\/alberto-roque.com\/en\/discography-saxophonist\/\"]}]},{\"@type\":\"BreadcrumbList\",\"@id\":\"https:\/\/alberto-roque.com\/en\/discography-saxophonist\/#breadcrumb\",\"itemListElement\":[{\"@type\":\"ListItem\",\"position\":1,\"name\":\"In\u00edcio\",\"item\":\"https:\/\/alberto-roque.com\/en\/\"},{\"@type\":\"ListItem\",\"position\":2,\"name\":\"Discography &#8211; Saxophonist\"}]},{\"@type\":\"WebSite\",\"@id\":\"https:\/\/alberto-roque.com\/#website\",\"url\":\"https:\/\/alberto-roque.com\/\",\"name\":\"Alberto Roque\",\"description\":\"M\u00fasico - Maestro e Saxofonista\",\"publisher\":{\"@id\":\"https:\/\/alberto-roque.com\/#\/schema\/person\/42d32f3cc4964a701293cefed677e21c\"},\"potentialAction\":[{\"@type\":\"SearchAction\",\"target\":{\"@type\":\"EntryPoint\",\"urlTemplate\":\"https:\/\/alberto-roque.com\/?s={search_term_string}\"},\"query-input\":{\"@type\":\"PropertyValueSpecification\",\"valueRequired\":true,\"valueName\":\"search_term_string\"}}],\"inLanguage\":\"en-US\"},{\"@type\":[\"Person\",\"Organization\"],\"@id\":\"https:\/\/alberto-roque.com\/#\/schema\/person\/42d32f3cc4964a701293cefed677e21c\",\"name\":\"Alberto Roque\",\"image\":{\"@type\":\"ImageObject\",\"inLanguage\":\"en-US\",\"@id\":\"https:\/\/alberto-roque.com\/#\/schema\/person\/image\/\",\"url\":\"https:\/\/alberto-roque.com\/wp-content\/uploads\/2022\/03\/alberto-roque-website.jpg\",\"contentUrl\":\"https:\/\/alberto-roque.com\/wp-content\/uploads\/2022\/03\/alberto-roque-website.jpg\",\"width\":1825,\"height\":1217,\"caption\":\"Alberto Roque\"},\"logo\":{\"@id\":\"https:\/\/alberto-roque.com\/#\/schema\/person\/image\/\"},\"sameAs\":[\"https:\/\/www.facebook.com\/alberto.roque.378\"]}]}<\/script>\n<!-- \/ Yoast SEO plugin. -->","yoast_head_json":{"title":"Discography - Saxophonist - Alberto Roque","robots":{"index":"index","follow":"follow","max-snippet":"max-snippet:-1","max-image-preview":"max-image-preview:large","max-video-preview":"max-video-preview:-1"},"canonical":"https:\/\/alberto-roque.com\/en\/discography-saxophonist\/","og_locale":"en_US","og_type":"article","og_title":"Discography - Saxophonist - Alberto Roque","og_description":"[vc_row iron_row_type=&#8221;in_container&#8221; iron_remove_padding_medium=&#8221;&#8221; iron_remove_padding_small=&#8221;&#8221; iron_overlay_pattern=&#8221;&#8221; iron_parallax=&#8221;&#8221; iron_bg_video=&#8221;&#8221;][vc_column][\/vc_column][\/vc_row]","og_url":"https:\/\/alberto-roque.com\/en\/discography-saxophonist\/","og_site_name":"Alberto Roque","article_publisher":"https:\/\/www.facebook.com\/alberto.roque.378","article_modified_time":"2022-07-04T21:50:13+00:00","og_image":[{"width":1825,"height":1217,"url":"https:\/\/alberto-roque.com\/wp-content\/uploads\/2022\/03\/alberto-roque-website.jpg","type":"image\/jpeg"}],"twitter_card":"summary_large_image","schema":{"@context":"https:\/\/schema.org","@graph":[{"@type":"WebPage","@id":"https:\/\/alberto-roque.com\/en\/discography-saxophonist\/","url":"https:\/\/alberto-roque.com\/en\/discography-saxophonist\/","name":"Discography - Saxophonist - Alberto Roque","isPartOf":{"@id":"https:\/\/alberto-roque.com\/#website"},"datePublished":"2022-03-24T23:59:01+00:00","dateModified":"2022-07-04T21:50:13+00:00","breadcrumb":{"@id":"https:\/\/alberto-roque.com\/en\/discography-saxophonist\/#breadcrumb"},"inLanguage":"en-US","potentialAction":[{"@type":"ReadAction","target":["https:\/\/alberto-roque.com\/en\/discography-saxophonist\/"]}]},{"@type":"BreadcrumbList","@id":"https:\/\/alberto-roque.com\/en\/discography-saxophonist\/#breadcrumb","itemListElement":[{"@type":"ListItem","position":1,"name":"In\u00edcio","item":"https:\/\/alberto-roque.com\/en\/"},{"@type":"ListItem","position":2,"name":"Discography &#8211; Saxophonist"}]},{"@type":"WebSite","@id":"https:\/\/alberto-roque.com\/#website","url":"https:\/\/alberto-roque.com\/","name":"Alberto Roque","description":"M\u00fasico - Maestro e Saxofonista","publisher":{"@id":"https:\/\/alberto-roque.com\/#\/schema\/person\/42d32f3cc4964a701293cefed677e21c"},"potentialAction":[{"@type":"SearchAction","target":{"@type":"EntryPoint","urlTemplate":"https:\/\/alberto-roque.com\/?s={search_term_string}"},"query-input":{"@type":"PropertyValueSpecification","valueRequired":true,"valueName":"search_term_string"}}],"inLanguage":"en-US"},{"@type":["Person","Organization"],"@id":"https:\/\/alberto-roque.com\/#\/schema\/person\/42d32f3cc4964a701293cefed677e21c","name":"Alberto Roque","image":{"@type":"ImageObject","inLanguage":"en-US","@id":"https:\/\/alberto-roque.com\/#\/schema\/person\/image\/","url":"https:\/\/alberto-roque.com\/wp-content\/uploads\/2022\/03\/alberto-roque-website.jpg","contentUrl":"https:\/\/alberto-roque.com\/wp-content\/uploads\/2022\/03\/alberto-roque-website.jpg","width":1825,"height":1217,"caption":"Alberto Roque"},"logo":{"@id":"https:\/\/alberto-roque.com\/#\/schema\/person\/image\/"},"sameAs":["https:\/\/www.facebook.com\/alberto.roque.378"]}]}},"_links":{"self":[{"href":"https:\/\/alberto-roque.com\/en\/wp-json\/wp\/v2\/pages\/1470","targetHints":{"allow":["GET"]}}],"collection":[{"href":"https:\/\/alberto-roque.com\/en\/wp-json\/wp\/v2\/pages"}],"about":[{"href":"https:\/\/alberto-roque.com\/en\/wp-json\/wp\/v2\/types\/page"}],"author":[{"embeddable":true,"href":"https:\/\/alberto-roque.com\/en\/wp-json\/wp\/v2\/users\/1"}],"replies":[{"embeddable":true,"href":"https:\/\/alberto-roque.com\/en\/wp-json\/wp\/v2\/comments?post=1470"}],"version-history":[{"count":3,"href":"https:\/\/alberto-roque.com\/en\/wp-json\/wp\/v2\/pages\/1470\/revisions"}],"predecessor-version":[{"id":1517,"href":"https:\/\/alberto-roque.com\/en\/wp-json\/wp\/v2\/pages\/1470\/revisions\/1517"}],"wp:attachment":[{"href":"https:\/\/alberto-roque.com\/en\/wp-json\/wp\/v2\/media?parent=1470"}],"curies":[{"name":"wp","href":"https:\/\/api.w.org\/{rel}","templated":true}]}}