{"id":1620,"date":"2022-09-01T15:31:13","date_gmt":"2022-09-01T15:31:13","guid":{"rendered":"https:\/\/alberto-roque.com\/?page_id=1620"},"modified":"2022-09-01T15:36:23","modified_gmt":"2022-09-01T15:36:23","slug":"agenda","status":"publish","type":"page","link":"https:\/\/alberto-roque.com\/en\/agenda\/","title":{"rendered":"Agenda"},"content":{"rendered":"<section class=\"wpb-content-wrapper\"><p>[vc_row iron_row_type=&#8221;in_container&#8221; iron_remove_padding_medium=&#8221;&#8221; iron_remove_padding_small=&#8221;&#8221; iron_overlay_pattern=&#8221;&#8221; iron_parallax=&#8221;&#8221; iron_bg_video=&#8221;&#8221;][vc_column]<div class=\"widget  iron_widget_events \">\r\n\t\t\t\t<ul id=\"post-list\" class=\"concerts-list\">\r\n\r\n<li id=\"post-2049\" class=\"post-2049 event type-event status-publish hentry\">\r\n\r\n\t\t<div class=\"event-line-wrap no-artist  \">\r\n\r\n\r\n\t<a href=\"https:\/\/alberto-roque.com\/en\/event\/iberica-lorchestre-harmonique-de-cholet\/\" class=\"event-link\">\r\n\t\t\t\t<div class=\"event-line-node\">31 de May, 2026<\/div>\r\n\t\t<div class=\"event-line-node medium\">Cholet (France), Th\u00e9\u00e2tre Saint-Louis, Rue Jean Vilar 49300 CHOLET<\/div>\r\n\t\t<div class=\"event-line-node medium\">Ib\u00e9rica | L\u00b4Orchestre Harmonique de Cholet<\/div>\r\n\t<\/a>\r\n\t\t<\/div>\r\n\r\n\t<!-- ========================================= -->\r\n\r\n<\/li>\r\n\r\n\t\t\t\t<li><\/li>\r\n\t\t\t\t<\/ul>\r\n\r\n<\/div>[\/vc_column][\/vc_row][vc_row iron_row_type=&#8221;in_container&#8221; iron_remove_padding_medium=&#8221;&#8221; iron_remove_padding_small=&#8221;&#8221; iron_overlay_pattern=&#8221;&#8221; iron_parallax=&#8221;&#8221; iron_bg_video=&#8221;&#8221;][vc_column]<div class=\"widget  iron_widget_events \"><span class='heading-t3'><\/span><h3 class=\"widgettitle\">Past Events (last 10)<\/h3><span class=\"heading-b3\" style=\"margin-top:px; margin-bottom:px; background-color:rgba(0, 0, 0, 0)\"><\/span>\r\n\t\t\t\t<ul id=\"post-list\" class=\"concerts-list\">\r\n\r\n<li id=\"post-2057\" class=\"post-2057 event type-event status-publish hentry\">\r\n\r\n\t\t<div class=\"event-line-wrap no-artist  \">\r\n\r\n\r\n\t<a href=\"https:\/\/alberto-roque.com\/en\/event\/ix-estagio-da-orquestra-juvenil-de-sopros-de-evora-30-de-marco-e-2-de-abril-de-2026\/\" class=\"event-link\">\r\n\t\t\t\t<div class=\"event-line-node\">2 de April, 2026<\/div>\r\n\t\t<div class=\"event-line-node medium\">\u00c9vora<\/div>\r\n\t\t<div class=\"event-line-node medium\">IX Est\u00e1gio da Orquestra Juvenil de Sopros de \u00c9vora | 30 de mar\u00e7o e 2 de abril de 2026<\/div>\r\n\t<\/a>\r\n\t\t<\/div>\r\n\r\n\t<!-- ========================================= -->\r\n\r\n<\/li><li id=\"post-2044\" class=\"post-2044 event type-event status-publish has-post-thumbnail hentry\">\r\n\r\n\t\t<div class=\"event-line-wrap no-artist  \">\r\n\r\n\r\n\t<a href=\"https:\/\/alberto-roque.com\/en\/event\/letters-civic-orchestra-of-minneapolis\/\" class=\"event-link\">\r\n\t\t\t\t<div class=\"event-line-node\">22 de February, 2026<\/div>\r\n\t\t<div class=\"event-line-node medium\">Minneapolis,  St. Michael\u2019s Lutheran Church in Bloomington<\/div>\r\n\t\t<div class=\"event-line-node medium\">&#8220;Letters&#8221; | Civic Orchestra of Minneapolis<\/div>\r\n\t<\/a>\r\n\t\t<\/div>\r\n\r\n\t<!-- ========================================= -->\r\n\r\n<\/li><li id=\"post-2051\" class=\"post-2051 event type-event status-publish has-post-thumbnail hentry\">\r\n\r\n\t\t<div class=\"event-line-wrap no-artist  \">\r\n\r\n\r\n\t<a href=\"https:\/\/alberto-roque.com\/event\/2-5\/\" class=\"event-link\">\r\n\t\t\t\t<div class=\"event-line-node\">9 de February, 2026<\/div>\r\n\t\t<div class=\"event-line-node medium\">V\u00e1rias cidades nacionais e espanholas<\/div>\r\n\t\t<div class=\"event-line-node medium\">Concerto para Beb\u00e9s 2026<\/div>\r\n\t<\/a>\r\n\t\t<\/div>\r\n\r\n\t<!-- ========================================= -->\r\n\r\n<\/li><li id=\"post-2036\" class=\"post-2036 event type-event status-publish has-post-thumbnail hentry\">\r\n\r\n\t\t<div class=\"event-line-wrap no-artist  \">\r\n\r\n\r\n\t<a href=\"https:\/\/alberto-roque.com\/en\/event\/2-6\/\" class=\"event-link\">\r\n\t\t\t\t<div class=\"event-line-node\">12 de January, 2026<\/div>\r\n\t\t<div class=\"event-line-node medium\">Viana do Castelo, Teatro Municipal S\u00e1 de Miranda<\/div>\r\n\t\t<div class=\"event-line-node medium\">\ud835\udc0b\ud835\udc1a\ud835\udc1b\ud835\udc28\ud835\udc2b\ud835\udc1a\ud835\udc2d\u00f3\ud835\udc2b\ud835\udc22\ud835\udc28 \ud835\udc1d\ud835\udc1e \ud835\udc03\ud835\udc22\ud835\udc2b\ud835\udc1e\u00e7\u00e3\ud835\udc28 \ud835\udc1d\ud835\udc1e \ud835\udc0e\ud835\udc2b\ud835\udc2a\ud835\udc2e\ud835\udc1e\ud835\udc2c\ud835\udc2d\ud835\udc2b\ud835\udc1a \ud835\udc09\ud835\udc2e\ud835\udc2f\ud835\udc1e\ud835\udc27\ud835\udc22\ud835\udc25<\/div>\r\n\t<\/a>\r\n\t\t<\/div>\r\n\r\n\t<!-- ========================================= -->\r\n\r\n<\/li><li id=\"post-2017\" class=\"post-2017 event type-event status-publish has-post-thumbnail hentry\">\r\n\r\n\t\t<div class=\"event-line-wrap no-artist  \">\r\n\r\n\r\n\t<a href=\"https:\/\/alberto-roque.com\/event\/2-4\/\" class=\"event-link\">\r\n\t\t\t\t<div class=\"event-line-node\">11 de May, 2025<\/div>\r\n\t\t<div class=\"event-line-node medium\">Our\u00e9m, Teatro Municipal de Our\u00e9m<\/div>\r\n\t\t<div class=\"event-line-node medium\">Concerto Orquestra de Sopros de Our\u00e9m<\/div>\r\n\t<\/a>\r\n\t\t<\/div>\r\n\r\n\t<!-- ========================================= -->\r\n\r\n<\/li><li id=\"post-1995\" class=\"post-1995 event type-event status-publish has-post-thumbnail hentry\">\r\n\r\n\t\t<div class=\"event-line-wrap no-artist  \">\r\n\r\n\r\n\t<a href=\"https:\/\/alberto-roque.com\/en\/event\/iii-entre-bandas\/\" class=\"event-link\">\r\n\t\t\t\t<div class=\"event-line-node\">16 de April, 2025<\/div>\r\n\t\t<div class=\"event-line-node medium\"><\/div>\r\n\t\t<div class=\"event-line-node medium\">Wind Orchestra Workshop and Conducting Masterclass<\/div>\r\n\t<\/a>\r\n\t\t<\/div>\r\n\r\n\t<!-- ========================================= -->\r\n\r\n<\/li><li id=\"post-1998\" class=\"post-1998 event type-event status-publish has-post-thumbnail hentry\">\r\n\r\n\t\t<div class=\"event-line-wrap no-artist  \">\r\n\r\n\r\n\t<a href=\"https:\/\/alberto-roque.com\/event\/2-3\/\" class=\"event-link\">\r\n\t\t\t\t<div class=\"event-line-node\">15 de March, 2025<\/div>\r\n\t\t<div class=\"event-line-node medium\">Our\u00e9m, Audit\u00f3rio Multiusos da Escola B\u00e1sica e Secund\u00e1ria de Our\u00e9m<\/div>\r\n\t\t<div class=\"event-line-node medium\">Concerto Orquestra de Sopros de Our\u00e9m<\/div>\r\n\t<\/a>\r\n\t\t<\/div>\r\n\r\n\t<!-- ========================================= -->\r\n\r\n<\/li><li id=\"post-1961\" class=\"post-1961 event type-event status-publish has-post-thumbnail hentry\">\r\n\r\n\t\t<div class=\"event-line-wrap no-artist  \">\r\n\r\n\r\n\t<a href=\"https:\/\/alberto-roque.com\/en\/event\/concert-orquestra-de-sopros-de-ourem-oso-otonifonias\/\" class=\"event-link\">\r\n\t\t\t\t<div class=\"event-line-node\">10 de June, 2024<\/div>\r\n\t\t<div class=\"event-line-node medium\"><\/div>\r\n\t\t<div class=\"event-line-node medium\">Concert Orquestra de Sopros de Our\u00e9m (OSO)<\/div>\r\n\t<\/a>\r\n\t\t<\/div>\r\n\r\n\t<!-- ========================================= -->\r\n\r\n<\/li><li id=\"post-1972\" class=\"post-1972 event type-event status-publish has-post-thumbnail hentry\">\r\n\r\n\t\t<div class=\"event-line-wrap no-artist  \">\r\n\r\n\r\n\t<a href=\"https:\/\/alberto-roque.com\/en\/event\/aaaaaaa\/\" class=\"event-link\">\r\n\t\t\t\t<div class=\"event-line-node\">20 de May, 2024<\/div>\r\n\t\t<div class=\"event-line-node medium\">Leiria<\/div>\r\n\t\t<div class=\"event-line-node medium\">aaaaaaa<\/div>\r\n\t<\/a>\r\n\t\t<\/div>\r\n\r\n\t<!-- ========================================= -->\r\n\r\n<\/li><li id=\"post-1912\" class=\"post-1912 event type-event status-publish has-post-thumbnail hentry\">\r\n\r\n\t\t<div class=\"event-line-wrap no-artist  \">\r\n\r\n\r\n\t<a href=\"https:\/\/alberto-roque.com\/en\/event\/concerto-para-bebes-2023\/\" class=\"event-link\">\r\n\t\t\t\t<div class=\"event-line-node\">31 de December, 2023<\/div>\r\n\t\t<div class=\"event-line-node medium\"><\/div>\r\n\t\t<div class=\"event-line-node medium\">Concerto para Beb\u00e9s 2023<\/div>\r\n\t<\/a>\r\n\t\t<\/div>\r\n\r\n\t<!-- ========================================= -->\r\n\r\n<\/li>\r\n\r\n\t\t\t\t<li><a target=\"_self\" href=\"https:\/\/alberto-roque.com\/en\/past-events\/\" class=\"panel-action panel-action__label\">View All<\/a><\/li>\r\n\t\t\t\t<\/ul>\r\n\r\n<\/div>[\/vc_column][\/vc_row]<\/p>\n<\/section>","protected":false},"excerpt":{"rendered":"<p>[vc_row iron_row_type=&#8221;in_container&#8221; iron_remove_padding_medium=&#8221;&#8221; iron_remove_padding_small=&#8221;&#8221; iron_overlay_pattern=&#8221;&#8221; iron_parallax=&#8221;&#8221; iron_bg_video=&#8221;&#8221;][vc_column][\/vc_column][\/vc_row][vc_row iron_row_type=&#8221;in_container&#8221; iron_remove_padding_medium=&#8221;&#8221; iron_remove_padding_small=&#8221;&#8221; iron_overlay_pattern=&#8221;&#8221; iron_parallax=&#8221;&#8221; iron_bg_video=&#8221;&#8221;][vc_column][\/vc_column][\/vc_row]<\/p>\n","protected":false},"author":1,"featured_media":0,"parent":0,"menu_order":0,"comment_status":"closed","ping_status":"closed","template":"","meta":{"inline_featured_image":false,"footnotes":""},"class_list":["post-1620","page","type-page","status-publish","hentry"],"yoast_head":"<!-- This site is optimized with the Yoast SEO plugin v24.6 - https:\/\/yoast.com\/wordpress\/plugins\/seo\/ -->\n<title>Agenda - Alberto Roque<\/title>\n<meta name=\"robots\" content=\"index, follow, max-snippet:-1, max-image-preview:large, max-video-preview:-1\" \/>\n<link rel=\"canonical\" href=\"https:\/\/alberto-roque.com\/en\/agenda\/\" \/>\n<meta property=\"og:locale\" content=\"en_US\" \/>\n<meta property=\"og:type\" content=\"article\" \/>\n<meta property=\"og:title\" content=\"Agenda - Alberto Roque\" \/>\n<meta property=\"og:description\" content=\"[vc_row iron_row_type=&#8221;in_container&#8221; iron_remove_padding_medium=&#8221;&#8221; iron_remove_padding_small=&#8221;&#8221; iron_overlay_pattern=&#8221;&#8221; iron_parallax=&#8221;&#8221; iron_bg_video=&#8221;&#8221;][vc_column][\/vc_column][\/vc_row][vc_row iron_row_type=&#8221;in_container&#8221; iron_remove_padding_medium=&#8221;&#8221; iron_remove_padding_small=&#8221;&#8221; iron_overlay_pattern=&#8221;&#8221; iron_parallax=&#8221;&#8221; iron_bg_video=&#8221;&#8221;][vc_column][\/vc_column][\/vc_row]\" \/>\n<meta property=\"og:url\" content=\"https:\/\/alberto-roque.com\/en\/agenda\/\" \/>\n<meta property=\"og:site_name\" content=\"Alberto Roque\" \/>\n<meta property=\"article:publisher\" content=\"https:\/\/www.facebook.com\/alberto.roque.378\" \/>\n<meta property=\"article:modified_time\" content=\"2022-09-01T15:36:23+00:00\" \/>\n<meta property=\"og:image\" content=\"https:\/\/alberto-roque.com\/wp-content\/uploads\/2022\/03\/alberto-roque-website.jpg\" \/>\n\t<meta property=\"og:image:width\" content=\"1825\" \/>\n\t<meta property=\"og:image:height\" content=\"1217\" \/>\n\t<meta property=\"og:image:type\" content=\"image\/jpeg\" \/>\n<meta name=\"twitter:card\" content=\"summary_large_image\" \/>\n<script type=\"application\/ld+json\" class=\"yoast-schema-graph\">{\"@context\":\"https:\/\/schema.org\",\"@graph\":[{\"@type\":\"WebPage\",\"@id\":\"https:\/\/alberto-roque.com\/en\/agenda\/\",\"url\":\"https:\/\/alberto-roque.com\/en\/agenda\/\",\"name\":\"Agenda - Alberto Roque\",\"isPartOf\":{\"@id\":\"https:\/\/alberto-roque.com\/#website\"},\"datePublished\":\"2022-09-01T15:31:13+00:00\",\"dateModified\":\"2022-09-01T15:36:23+00:00\",\"breadcrumb\":{\"@id\":\"https:\/\/alberto-roque.com\/en\/agenda\/#breadcrumb\"},\"inLanguage\":\"en-US\",\"potentialAction\":[{\"@type\":\"ReadAction\",\"target\":[\"https:\/\/alberto-roque.com\/en\/agenda\/\"]}]},{\"@type\":\"BreadcrumbList\",\"@id\":\"https:\/\/alberto-roque.com\/en\/agenda\/#breadcrumb\",\"itemListElement\":[{\"@type\":\"ListItem\",\"position\":1,\"name\":\"In\u00edcio\",\"item\":\"https:\/\/alberto-roque.com\/en\/\"},{\"@type\":\"ListItem\",\"position\":2,\"name\":\"Agenda\"}]},{\"@type\":\"WebSite\",\"@id\":\"https:\/\/alberto-roque.com\/#website\",\"url\":\"https:\/\/alberto-roque.com\/\",\"name\":\"Alberto Roque\",\"description\":\"M\u00fasico - Maestro e Saxofonista\",\"publisher\":{\"@id\":\"https:\/\/alberto-roque.com\/#\/schema\/person\/42d32f3cc4964a701293cefed677e21c\"},\"potentialAction\":[{\"@type\":\"SearchAction\",\"target\":{\"@type\":\"EntryPoint\",\"urlTemplate\":\"https:\/\/alberto-roque.com\/?s={search_term_string}\"},\"query-input\":{\"@type\":\"PropertyValueSpecification\",\"valueRequired\":true,\"valueName\":\"search_term_string\"}}],\"inLanguage\":\"en-US\"},{\"@type\":[\"Person\",\"Organization\"],\"@id\":\"https:\/\/alberto-roque.com\/#\/schema\/person\/42d32f3cc4964a701293cefed677e21c\",\"name\":\"Alberto Roque\",\"image\":{\"@type\":\"ImageObject\",\"inLanguage\":\"en-US\",\"@id\":\"https:\/\/alberto-roque.com\/#\/schema\/person\/image\/\",\"url\":\"https:\/\/alberto-roque.com\/wp-content\/uploads\/2022\/03\/alberto-roque-website.jpg\",\"contentUrl\":\"https:\/\/alberto-roque.com\/wp-content\/uploads\/2022\/03\/alberto-roque-website.jpg\",\"width\":1825,\"height\":1217,\"caption\":\"Alberto Roque\"},\"logo\":{\"@id\":\"https:\/\/alberto-roque.com\/#\/schema\/person\/image\/\"},\"sameAs\":[\"https:\/\/www.facebook.com\/alberto.roque.378\"]}]}<\/script>\n<!-- \/ Yoast SEO plugin. -->","yoast_head_json":{"title":"Agenda - Alberto Roque","robots":{"index":"index","follow":"follow","max-snippet":"max-snippet:-1","max-image-preview":"max-image-preview:large","max-video-preview":"max-video-preview:-1"},"canonical":"https:\/\/alberto-roque.com\/en\/agenda\/","og_locale":"en_US","og_type":"article","og_title":"Agenda - Alberto Roque","og_description":"[vc_row iron_row_type=&#8221;in_container&#8221; iron_remove_padding_medium=&#8221;&#8221; iron_remove_padding_small=&#8221;&#8221; iron_overlay_pattern=&#8221;&#8221; iron_parallax=&#8221;&#8221; iron_bg_video=&#8221;&#8221;][vc_column][\/vc_column][\/vc_row][vc_row iron_row_type=&#8221;in_container&#8221; iron_remove_padding_medium=&#8221;&#8221; iron_remove_padding_small=&#8221;&#8221; iron_overlay_pattern=&#8221;&#8221; iron_parallax=&#8221;&#8221; iron_bg_video=&#8221;&#8221;][vc_column][\/vc_column][\/vc_row]","og_url":"https:\/\/alberto-roque.com\/en\/agenda\/","og_site_name":"Alberto Roque","article_publisher":"https:\/\/www.facebook.com\/alberto.roque.378","article_modified_time":"2022-09-01T15:36:23+00:00","og_image":[{"width":1825,"height":1217,"url":"https:\/\/alberto-roque.com\/wp-content\/uploads\/2022\/03\/alberto-roque-website.jpg","type":"image\/jpeg"}],"twitter_card":"summary_large_image","schema":{"@context":"https:\/\/schema.org","@graph":[{"@type":"WebPage","@id":"https:\/\/alberto-roque.com\/en\/agenda\/","url":"https:\/\/alberto-roque.com\/en\/agenda\/","name":"Agenda - Alberto Roque","isPartOf":{"@id":"https:\/\/alberto-roque.com\/#website"},"datePublished":"2022-09-01T15:31:13+00:00","dateModified":"2022-09-01T15:36:23+00:00","breadcrumb":{"@id":"https:\/\/alberto-roque.com\/en\/agenda\/#breadcrumb"},"inLanguage":"en-US","potentialAction":[{"@type":"ReadAction","target":["https:\/\/alberto-roque.com\/en\/agenda\/"]}]},{"@type":"BreadcrumbList","@id":"https:\/\/alberto-roque.com\/en\/agenda\/#breadcrumb","itemListElement":[{"@type":"ListItem","position":1,"name":"In\u00edcio","item":"https:\/\/alberto-roque.com\/en\/"},{"@type":"ListItem","position":2,"name":"Agenda"}]},{"@type":"WebSite","@id":"https:\/\/alberto-roque.com\/#website","url":"https:\/\/alberto-roque.com\/","name":"Alberto Roque","description":"M\u00fasico - Maestro e Saxofonista","publisher":{"@id":"https:\/\/alberto-roque.com\/#\/schema\/person\/42d32f3cc4964a701293cefed677e21c"},"potentialAction":[{"@type":"SearchAction","target":{"@type":"EntryPoint","urlTemplate":"https:\/\/alberto-roque.com\/?s={search_term_string}"},"query-input":{"@type":"PropertyValueSpecification","valueRequired":true,"valueName":"search_term_string"}}],"inLanguage":"en-US"},{"@type":["Person","Organization"],"@id":"https:\/\/alberto-roque.com\/#\/schema\/person\/42d32f3cc4964a701293cefed677e21c","name":"Alberto Roque","image":{"@type":"ImageObject","inLanguage":"en-US","@id":"https:\/\/alberto-roque.com\/#\/schema\/person\/image\/","url":"https:\/\/alberto-roque.com\/wp-content\/uploads\/2022\/03\/alberto-roque-website.jpg","contentUrl":"https:\/\/alberto-roque.com\/wp-content\/uploads\/2022\/03\/alberto-roque-website.jpg","width":1825,"height":1217,"caption":"Alberto Roque"},"logo":{"@id":"https:\/\/alberto-roque.com\/#\/schema\/person\/image\/"},"sameAs":["https:\/\/www.facebook.com\/alberto.roque.378"]}]}},"_links":{"self":[{"href":"https:\/\/alberto-roque.com\/en\/wp-json\/wp\/v2\/pages\/1620","targetHints":{"allow":["GET"]}}],"collection":[{"href":"https:\/\/alberto-roque.com\/en\/wp-json\/wp\/v2\/pages"}],"about":[{"href":"https:\/\/alberto-roque.com\/en\/wp-json\/wp\/v2\/types\/page"}],"author":[{"embeddable":true,"href":"https:\/\/alberto-roque.com\/en\/wp-json\/wp\/v2\/users\/1"}],"replies":[{"embeddable":true,"href":"https:\/\/alberto-roque.com\/en\/wp-json\/wp\/v2\/comments?post=1620"}],"version-history":[{"count":4,"href":"https:\/\/alberto-roque.com\/en\/wp-json\/wp\/v2\/pages\/1620\/revisions"}],"predecessor-version":[{"id":1637,"href":"https:\/\/alberto-roque.com\/en\/wp-json\/wp\/v2\/pages\/1620\/revisions\/1637"}],"wp:attachment":[{"href":"https:\/\/alberto-roque.com\/en\/wp-json\/wp\/v2\/media?parent=1620"}],"curies":[{"name":"wp","href":"https:\/\/api.w.org\/{rel}","templated":true}]}}